{"id":4218,"date":"2020-12-30T19:49:01","date_gmt":"2020-12-30T18:49:01","guid":{"rendered":"https:\/\/www.sensalot.nl\/?page_id=4218"},"modified":"2020-12-30T19:49:03","modified_gmt":"2020-12-30T18:49:03","slug":"speurneuzen-spel","status":"publish","type":"page","link":"https:\/\/sensalot.nl\/en\/speurneuzen-spel\/","title":{"rendered":"Speurneuzen-spel"},"content":{"rendered":"\t\t<div data-elementor-type=\"wp-page\" data-elementor-id=\"4218\" class=\"elementor elementor-4218\" data-elementor-post-type=\"page\">\n\t\t\t\t\t\t<section class=\"elementor-section elementor-top-section elementor-element elementor-element-7e0afb6 elementor-section-boxed elementor-section-height-default elementor-section-height-default\" data-id=\"7e0afb6\" data-element_type=\"section\">\n\t\t\t\t\t\t<div class=\"elementor-container elementor-column-gap-default\">\n\t\t\t\t\t<div class=\"elementor-column elementor-col-100 elementor-top-column elementor-element elementor-element-600aad5\" data-id=\"600aad5\" data-element_type=\"column\">\n\t\t\t<div class=\"elementor-widget-wrap elementor-element-populated\">\n\t\t\t\t\t\t<div class=\"elementor-element elementor-element-6e6feee elementor-widget elementor-widget-heading\" data-id=\"6e6feee\" data-element_type=\"widget\" data-widget_type=\"heading.default\">\n\t\t\t\t<div class=\"elementor-widget-container\">\n\t\t\t\t\t<h2 class=\"elementor-heading-title elementor-size-default\">Speurneuzen-spel: Vind de inbreker met je neus<\/h2>\t\t\t\t<\/div>\n\t\t\t\t<\/div>\n\t\t\t\t\t<\/div>\n\t\t<\/div>\n\t\t\t\t\t<\/div>\n\t\t<\/section>\n\t\t\t\t<section class=\"elementor-section elementor-top-section elementor-element elementor-element-b6195ef elementor-section-boxed elementor-section-height-default elementor-section-height-default\" data-id=\"b6195ef\" data-element_type=\"section\">\n\t\t\t\t\t\t<div class=\"elementor-container elementor-column-gap-default\">\n\t\t\t\t\t<div class=\"elementor-column elementor-col-33 elementor-top-column elementor-element elementor-element-09d3aeb\" data-id=\"09d3aeb\" data-element_type=\"column\">\n\t\t\t<div class=\"elementor-widget-wrap elementor-element-populated\">\n\t\t\t\t\t\t<div class=\"elementor-element elementor-element-59b8fc2 elementor-widget elementor-widget-text-editor\" data-id=\"59b8fc2\" data-element_type=\"widget\" data-widget_type=\"text-editor.default\">\n\t\t\t\t<div class=\"elementor-widget-container\">\n\t\t\t\t\t\t\t\t\t<p>Speurneuzen is een spel\u00a0 met echte geuren. E\u00e9n speler speelt de inbreker en probeert het goud in het huis naar \u00e9\u00e9n van de vier hoekpunten te brengen. De andere spelers zijn de speurhonden en proberen samen de dief te vangen.\u00a0<\/p>\n<p>\u00a0<\/p>\t\t\t\t\t\t\t\t<\/div>\n\t\t\t\t<\/div>\n\t\t\t\t\t<\/div>\n\t\t<\/div>\n\t\t\t\t<div class=\"elementor-column elementor-col-66 elementor-top-column elementor-element elementor-element-3ec8470\" data-id=\"3ec8470\" data-element_type=\"column\">\n\t\t\t<div class=\"elementor-widget-wrap elementor-element-populated\">\n\t\t\t\t\t\t<div class=\"elementor-element elementor-element-6184939 elementor-widget elementor-widget-image\" data-id=\"6184939\" data-element_type=\"widget\" data-widget_type=\"image.default\">\n\t\t\t\t<div class=\"elementor-widget-container\">\n\t\t\t\t\t\t\t\t\t\t\t\t\t\t\t<img fetchpriority=\"high\" decoding=\"async\" width=\"346\" height=\"231\" src=\"https:\/\/sensalot.nl\/wp-content\/uploads\/2020\/12\/Speurneuzen-overzicht.png\" class=\"attachment-large size-large wp-image-4223\" alt=\"\" srcset=\"https:\/\/sensalot.nl\/wp-content\/uploads\/2020\/12\/Speurneuzen-overzicht.png 346w, https:\/\/sensalot.nl\/wp-content\/uploads\/2020\/12\/Speurneuzen-overzicht-300x200.png 300w\" sizes=\"(max-width: 346px) 100vw, 346px\" \/>\t\t\t\t\t\t\t\t\t\t\t\t\t\t\t<\/div>\n\t\t\t\t<\/div>\n\t\t\t\t\t<\/div>\n\t\t<\/div>\n\t\t\t\t\t<\/div>\n\t\t<\/section>\n\t\t\t\t<section class=\"elementor-section elementor-top-section elementor-element elementor-element-8abb43a elementor-section-boxed elementor-section-height-default elementor-section-height-default\" data-id=\"8abb43a\" data-element_type=\"section\">\n\t\t\t\t\t\t<div class=\"elementor-container elementor-column-gap-default\">\n\t\t\t\t\t<div class=\"elementor-column elementor-col-66 elementor-top-column elementor-element elementor-element-031ddfb\" data-id=\"031ddfb\" data-element_type=\"column\">\n\t\t\t<div class=\"elementor-widget-wrap elementor-element-populated\">\n\t\t\t\t\t\t<div class=\"elementor-element elementor-element-5cfbc83 elementor-widget elementor-widget-image\" data-id=\"5cfbc83\" data-element_type=\"widget\" data-widget_type=\"image.default\">\n\t\t\t\t<div class=\"elementor-widget-container\">\n\t\t\t\t\t\t\t\t\t\t\t\t\t\t\t<img decoding=\"async\" width=\"346\" height=\"231\" src=\"https:\/\/sensalot.nl\/wp-content\/uploads\/2020\/12\/Speurneuzen-overzicht2.png\" class=\"attachment-large size-large wp-image-4225\" alt=\"\" srcset=\"https:\/\/sensalot.nl\/wp-content\/uploads\/2020\/12\/Speurneuzen-overzicht2.png 346w, https:\/\/sensalot.nl\/wp-content\/uploads\/2020\/12\/Speurneuzen-overzicht2-300x200.png 300w\" sizes=\"(max-width: 346px) 100vw, 346px\" \/>\t\t\t\t\t\t\t\t\t\t\t\t\t\t\t<\/div>\n\t\t\t\t<\/div>\n\t\t\t\t\t<\/div>\n\t\t<\/div>\n\t\t\t\t<div class=\"elementor-column elementor-col-33 elementor-top-column elementor-element elementor-element-f63076f\" data-id=\"f63076f\" data-element_type=\"column\">\n\t\t\t<div class=\"elementor-widget-wrap elementor-element-populated\">\n\t\t\t\t\t\t<div class=\"elementor-element elementor-element-ff7fd81 elementor-widget elementor-widget-text-editor\" data-id=\"ff7fd81\" data-element_type=\"widget\" data-widget_type=\"text-editor.default\">\n\t\t\t\t<div class=\"elementor-widget-container\">\n\t\t\t\t\t\t\t\t\t<p>De inbreker is onzichtbaar en houdt op een geheime kaart bij waar hij gelopen heeft. Als een hond 1 of 6 gooit krijgt hij een geurspoor (geurpotje). De inbreker kijkt naast welke geurvelden hij staat en kiest 1 van de geuren uit.\u00a0 De speler mag het geurpotje ruiken en proberen de geur te herkennen.\u00a0<\/p>\t\t\t\t\t\t\t\t<\/div>\n\t\t\t\t<\/div>\n\t\t\t\t\t<\/div>\n\t\t<\/div>\n\t\t\t\t\t<\/div>\n\t\t<\/section>\n\t\t\t\t<section class=\"elementor-section elementor-top-section elementor-element elementor-element-5fa6fb9 elementor-section-boxed elementor-section-height-default elementor-section-height-default\" data-id=\"5fa6fb9\" data-element_type=\"section\">\n\t\t\t\t\t\t<div class=\"elementor-container elementor-column-gap-default\">\n\t\t\t\t\t<div class=\"elementor-column elementor-col-33 elementor-top-column elementor-element elementor-element-c3577b6\" data-id=\"c3577b6\" data-element_type=\"column\">\n\t\t\t<div class=\"elementor-widget-wrap elementor-element-populated\">\n\t\t\t\t\t\t<div class=\"elementor-element elementor-element-e2c1b54 elementor-widget elementor-widget-text-editor\" data-id=\"e2c1b54\" data-element_type=\"widget\" data-widget_type=\"text-editor.default\">\n\t\t\t\t<div class=\"elementor-widget-container\">\n\t\t\t\t\t\t\t\t\t<p>Heeft de speler de geur goed geraden, dan mag de hond een barricade blokje in de vorm van een hondendrol pakken en plaatsen op 1 van de pionplaatsen rond het geurveld wat de speler juist geroken heeft. Als deze plek overeenkomt met de plaats waar de inbreker op dat moment staat, moet de inbreker zich bekend maken.<\/p>\t\t\t\t\t\t\t\t<\/div>\n\t\t\t\t<\/div>\n\t\t\t\t\t<\/div>\n\t\t<\/div>\n\t\t\t\t<div class=\"elementor-column elementor-col-66 elementor-top-column elementor-element elementor-element-214a9f7\" data-id=\"214a9f7\" data-element_type=\"column\">\n\t\t\t<div class=\"elementor-widget-wrap elementor-element-populated\">\n\t\t\t\t\t\t<div class=\"elementor-element elementor-element-1d8e708 elementor-widget elementor-widget-image\" data-id=\"1d8e708\" data-element_type=\"widget\" data-widget_type=\"image.default\">\n\t\t\t\t<div class=\"elementor-widget-container\">\n\t\t\t\t\t\t\t\t\t\t\t\t\t\t\t<img decoding=\"async\" width=\"346\" height=\"231\" src=\"https:\/\/sensalot.nl\/wp-content\/uploads\/2020\/12\/speurneuzen-honden.png\" class=\"attachment-large size-large wp-image-4221\" alt=\"\" srcset=\"https:\/\/sensalot.nl\/wp-content\/uploads\/2020\/12\/speurneuzen-honden.png 346w, https:\/\/sensalot.nl\/wp-content\/uploads\/2020\/12\/speurneuzen-honden-300x200.png 300w\" sizes=\"(max-width: 346px) 100vw, 346px\" \/>\t\t\t\t\t\t\t\t\t\t\t\t\t\t\t<\/div>\n\t\t\t\t<\/div>\n\t\t\t\t\t<\/div>\n\t\t<\/div>\n\t\t\t\t\t<\/div>\n\t\t<\/section>\n\t\t\t\t<section class=\"elementor-section elementor-top-section elementor-element elementor-element-5f73692 elementor-section-boxed elementor-section-height-default elementor-section-height-default\" data-id=\"5f73692\" data-element_type=\"section\">\n\t\t\t\t\t\t<div class=\"elementor-container elementor-column-gap-default\">\n\t\t\t\t\t<div class=\"elementor-column elementor-col-100 elementor-top-column elementor-element elementor-element-1a34b25\" data-id=\"1a34b25\" data-element_type=\"column\">\n\t\t\t<div class=\"elementor-widget-wrap elementor-element-populated\">\n\t\t\t\t\t\t<div class=\"elementor-element elementor-element-24ebb3e elementor-widget elementor-widget-text-editor\" data-id=\"24ebb3e\" data-element_type=\"widget\" data-widget_type=\"text-editor.default\">\n\t\t\t\t<div class=\"elementor-widget-container\">\n\t\t\t\t\t\t\t\t\t<p>Dat doet hij door zijn poppetje op die plaats (op de barricade) op het grote spelbord te zetten. De andere honden kunnen nu proberen snel de inbreker te pakken, voordat de inbreker weer is verdwenen.<\/p>\n<p>De inbreker heeft 2 beperkingen. Hij mag niet op een hondendrol eindigen, maar kan er wel overheen stappen. De inbreker kan niet over twee naast elkaar gelegen hondendrollen stappen. De honden kunnen de inbreker dus insluiten met hondendrollen.<\/p>\t\t\t\t\t\t\t\t<\/div>\n\t\t\t\t<\/div>\n\t\t\t\t\t<\/div>\n\t\t<\/div>\n\t\t\t\t\t<\/div>\n\t\t<\/section>\n\t\t\t\t<section class=\"elementor-section elementor-top-section elementor-element elementor-element-ca9d1a1 elementor-section-boxed elementor-section-height-default elementor-section-height-default\" data-id=\"ca9d1a1\" data-element_type=\"section\">\n\t\t\t\t\t\t<div class=\"elementor-container elementor-column-gap-default\">\n\t\t\t\t\t<div class=\"elementor-column elementor-col-100 elementor-top-column elementor-element elementor-element-b2b0238\" data-id=\"b2b0238\" data-element_type=\"column\">\n\t\t\t<div class=\"elementor-widget-wrap elementor-element-populated\">\n\t\t\t\t\t\t<div class=\"elementor-element elementor-element-2dd08a2 elementor-widget elementor-widget-image\" data-id=\"2dd08a2\" data-element_type=\"widget\" data-widget_type=\"image.default\">\n\t\t\t\t<div class=\"elementor-widget-container\">\n\t\t\t\t\t\t\t\t\t\t\t\t\t\t\t<img loading=\"lazy\" decoding=\"async\" width=\"596\" height=\"421\" src=\"https:\/\/sensalot.nl\/wp-content\/uploads\/2020\/12\/bord5.png\" class=\"attachment-large size-large wp-image-4220\" alt=\"\" srcset=\"https:\/\/sensalot.nl\/wp-content\/uploads\/2020\/12\/bord5.png 596w, https:\/\/sensalot.nl\/wp-content\/uploads\/2020\/12\/bord5-350x247.png 350w, https:\/\/sensalot.nl\/wp-content\/uploads\/2020\/12\/bord5-300x212.png 300w\" sizes=\"(max-width: 596px) 100vw, 596px\" \/>\t\t\t\t\t\t\t\t\t\t\t\t\t\t\t<\/div>\n\t\t\t\t<\/div>\n\t\t\t\t\t<\/div>\n\t\t<\/div>\n\t\t\t\t\t<\/div>\n\t\t<\/section>\n\t\t\t\t<section class=\"elementor-section elementor-top-section elementor-element elementor-element-53193be elementor-section-boxed elementor-section-height-default elementor-section-height-default\" data-id=\"53193be\" data-element_type=\"section\">\n\t\t\t\t\t\t<div class=\"elementor-container elementor-column-gap-default\">\n\t\t\t\t\t<div class=\"elementor-column elementor-col-100 elementor-top-column elementor-element elementor-element-409315d\" data-id=\"409315d\" data-element_type=\"column\">\n\t\t\t<div class=\"elementor-widget-wrap elementor-element-populated\">\n\t\t\t\t\t\t<div class=\"elementor-element elementor-element-60232ee elementor-widget elementor-widget-heading\" data-id=\"60232ee\" data-element_type=\"widget\" data-widget_type=\"heading.default\">\n\t\t\t\t<div class=\"elementor-widget-container\">\n\t\t\t\t\t<h2 class=\"elementor-heading-title elementor-size-default\">Speurneuzen speltest op spellenbeurs<\/h2>\t\t\t\t<\/div>\n\t\t\t\t<\/div>\n\t\t\t\t\t<\/div>\n\t\t<\/div>\n\t\t\t\t\t<\/div>\n\t\t<\/section>\n\t\t\t\t<section class=\"elementor-section elementor-top-section elementor-element elementor-element-dadc7bf elementor-section-boxed elementor-section-height-default elementor-section-height-default\" data-id=\"dadc7bf\" data-element_type=\"section\">\n\t\t\t\t\t\t<div class=\"elementor-container elementor-column-gap-default\">\n\t\t\t\t\t<div class=\"elementor-column elementor-col-100 elementor-top-column elementor-element elementor-element-be11480\" data-id=\"be11480\" data-element_type=\"column\">\n\t\t\t<div class=\"elementor-widget-wrap elementor-element-populated\">\n\t\t\t\t\t\t<div class=\"elementor-element elementor-element-d16c156 elementor-widget elementor-widget-text-editor\" data-id=\"d16c156\" data-element_type=\"widget\" data-widget_type=\"text-editor.default\">\n\t\t\t\t<div class=\"elementor-widget-container\">\n\t\t\t\t\t\t\t\t\t<p>Onderandere op de spellenbeurs Zuiderspel is speurneuzen getest. De kinderen waren bijzonder enthousiast en bleven het spel spelen. Alle kinderen wilden ook de inbreker zijn..<\/p>\t\t\t\t\t\t\t\t<\/div>\n\t\t\t\t<\/div>\n\t\t\t\t\t<\/div>\n\t\t<\/div>\n\t\t\t\t\t<\/div>\n\t\t<\/section>\n\t\t\t\t<section class=\"elementor-section elementor-top-section elementor-element elementor-element-05f9c6d elementor-section-boxed elementor-section-height-default elementor-section-height-default\" data-id=\"05f9c6d\" data-element_type=\"section\">\n\t\t\t\t\t\t<div class=\"elementor-container elementor-column-gap-default\">\n\t\t\t\t\t<div class=\"elementor-column elementor-col-100 elementor-top-column elementor-element elementor-element-8f1304b\" data-id=\"8f1304b\" data-element_type=\"column\">\n\t\t\t<div class=\"elementor-widget-wrap elementor-element-populated\">\n\t\t\t\t\t\t<div class=\"elementor-element elementor-element-747a7bf elementor-widget elementor-widget-heading\" data-id=\"747a7bf\" data-element_type=\"widget\" data-widget_type=\"heading.default\">\n\t\t\t\t<div class=\"elementor-widget-container\">\n\t\t\t\t\t<h2 class=\"elementor-heading-title elementor-size-default\">De Geuren<\/h2>\t\t\t\t<\/div>\n\t\t\t\t<\/div>\n\t\t\t\t\t<\/div>\n\t\t<\/div>\n\t\t\t\t\t<\/div>\n\t\t<\/section>\n\t\t\t\t<section class=\"elementor-section elementor-top-section elementor-element elementor-element-86ac34f elementor-section-boxed elementor-section-height-default elementor-section-height-default\" data-id=\"86ac34f\" data-element_type=\"section\">\n\t\t\t\t\t\t<div class=\"elementor-container elementor-column-gap-default\">\n\t\t\t\t\t<div class=\"elementor-column elementor-col-100 elementor-top-column elementor-element elementor-element-70d9690\" data-id=\"70d9690\" data-element_type=\"column\">\n\t\t\t<div class=\"elementor-widget-wrap elementor-element-populated\">\n\t\t\t\t\t\t<div class=\"elementor-element elementor-element-848e94e elementor-widget elementor-widget-text-editor\" data-id=\"848e94e\" data-element_type=\"widget\" data-widget_type=\"text-editor.default\">\n\t\t\t\t<div class=\"elementor-widget-container\">\n\t\t\t\t\t\t\t\t\t<p>De geuren in het spel zijn verwerkt in kunststof korrels die in een potje met deksel en rooster worden bewaar, zodat de korrels er niet uit kunnen vallen. De geuren hebben een beperkte levensduur. Bij de keuze van de geuren hebben we hierbij rekening gehouden en geuren gekozen die lang herkenbaar blijven.<\/p>\t\t\t\t\t\t\t\t<\/div>\n\t\t\t\t<\/div>\n\t\t\t\t\t<\/div>\n\t\t<\/div>\n\t\t\t\t\t<\/div>\n\t\t<\/section>\n\t\t\t\t<section class=\"elementor-section elementor-top-section elementor-element elementor-element-94dc82c elementor-section-boxed elementor-section-height-default elementor-section-height-default\" data-id=\"94dc82c\" data-element_type=\"section\">\n\t\t\t\t\t\t<div class=\"elementor-container elementor-column-gap-default\">\n\t\t\t\t\t<div class=\"elementor-column elementor-col-100 elementor-top-column elementor-element elementor-element-b868335\" data-id=\"b868335\" data-element_type=\"column\">\n\t\t\t<div class=\"elementor-widget-wrap elementor-element-populated\">\n\t\t\t\t\t\t<div class=\"elementor-element elementor-element-670ab09 elementor-widget elementor-widget-heading\" data-id=\"670ab09\" data-element_type=\"widget\" data-widget_type=\"heading.default\">\n\t\t\t\t<div class=\"elementor-widget-container\">\n\t\t\t\t\t<h2 class=\"elementor-heading-title elementor-size-default\">Licentie en Productie<\/h2>\t\t\t\t<\/div>\n\t\t\t\t<\/div>\n\t\t\t\t\t<\/div>\n\t\t<\/div>\n\t\t\t\t\t<\/div>\n\t\t<\/section>\n\t\t\t\t<section class=\"elementor-section elementor-top-section elementor-element elementor-element-132bdb9 elementor-section-boxed elementor-section-height-default elementor-section-height-default\" data-id=\"132bdb9\" data-element_type=\"section\">\n\t\t\t\t\t\t<div class=\"elementor-container elementor-column-gap-default\">\n\t\t\t\t\t<div class=\"elementor-column elementor-col-100 elementor-top-column elementor-element elementor-element-73558c0\" data-id=\"73558c0\" data-element_type=\"column\">\n\t\t\t<div class=\"elementor-widget-wrap elementor-element-populated\">\n\t\t\t\t\t\t<div class=\"elementor-element elementor-element-b8d651b elementor-widget elementor-widget-text-editor\" data-id=\"b8d651b\" data-element_type=\"widget\" data-widget_type=\"text-editor.default\">\n\t\t\t\t<div class=\"elementor-widget-container\">\n\t\t\t\t\t\t\t\t\t<p>Dit spel kan onder licentie uitgegeven worden door speluitgeverijen. Wij kunnen de geuren voor de productie aanleveren en ook het hele spel laten produceren.<\/p>\n<p>Voor meer informatie kunt u ons genaderen via het contactformulier.<\/p>\t\t\t\t\t\t\t\t<\/div>\n\t\t\t\t<\/div>\n\t\t\t\t\t<\/div>\n\t\t<\/div>\n\t\t\t\t\t<\/div>\n\t\t<\/section>\n\t\t\t\t<\/div>\n\t\t","protected":false},"excerpt":{"rendered":"<p>Speurneuzen-spel: Vind de inbreker met je neus Speurneuzen is een spel\u00a0 met echte geuren. E\u00e9n speler speelt de inbreker en probeert het goud in het huis naar \u00e9\u00e9n van de vier hoekpunten te brengen. De andere spelers zijn de speurhonden en proberen samen de dief te vangen.\u00a0 \u00a0 De inbreker is onzichtbaar en houdt op [&hellip;]<\/p>\n","protected":false},"author":1,"featured_media":0,"parent":0,"menu_order":0,"comment_status":"closed","ping_status":"closed","template":"","meta":{"footnotes":""},"class_list":["post-4218","page","type-page","status-publish","hentry"],"_links":{"self":[{"href":"https:\/\/sensalot.nl\/en\/wp-json\/wp\/v2\/pages\/4218","targetHints":{"allow":["GET"]}}],"collection":[{"href":"https:\/\/sensalot.nl\/en\/wp-json\/wp\/v2\/pages"}],"about":[{"href":"https:\/\/sensalot.nl\/en\/wp-json\/wp\/v2\/types\/page"}],"author":[{"embeddable":true,"href":"https:\/\/sensalot.nl\/en\/wp-json\/wp\/v2\/users\/1"}],"replies":[{"embeddable":true,"href":"https:\/\/sensalot.nl\/en\/wp-json\/wp\/v2\/comments?post=4218"}],"version-history":[{"count":9,"href":"https:\/\/sensalot.nl\/en\/wp-json\/wp\/v2\/pages\/4218\/revisions"}],"predecessor-version":[{"id":4231,"href":"https:\/\/sensalot.nl\/en\/wp-json\/wp\/v2\/pages\/4218\/revisions\/4231"}],"wp:attachment":[{"href":"https:\/\/sensalot.nl\/en\/wp-json\/wp\/v2\/media?parent=4218"}],"curies":[{"name":"wp","href":"https:\/\/api.w.org\/{rel}","templated":true}]}}